{"id":14761,"date":"2018-11-09T14:19:34","date_gmt":"2018-11-09T16:19:34","guid":{"rendered":"https:\/\/king.host\/wiki\/?page_id=14761"},"modified":"2022-09-12T09:14:55","modified_gmt":"2022-09-12T12:14:55","slug":"whois","status":"publish","type":"page","link":"https:\/\/king.host\/wiki\/whois\/","title":{"rendered":"Whois"},"content":{"rendered":"\n<p>O Whois \u00e9 uma ferramenta que permite identificar todas as informa\u00e7\u00f5es p\u00fablicas de um registro de dom\u00ednio na Internet. Para usar a ferramenta, basta informar o dom\u00ednio e clicar no bot\u00e3o de a\u00e7\u00e3o.<br>&nbsp;<\/p>\n\n\n\n<style>\npre {\n  background-color: rgba(240, 240, 240, 0.26);\n  border: 1px solid #DFDFDF;\n  border-radius: 16px;\n  box-sizing: border-box;\n  color: #000000;\n  display: flex;\n  line-height: 28px;\n  max-width: 100%;\n  padding: 14px 22px;\n  width: 100%;\n  font-family: inherit;\n  font-weight: 420;\n}\n<\/style>\n<div class=\"field\">\n  <div class=\"control\">\n  <form action=\"\" method=\"POST\">\n    <input class=\"input\" name=\"whois\" type=\"text\" placeholder=\"kinghost.com.br\">\n  <\/div>\n<\/div>\n<div class=\"field\">\n  <div class=\"control\">\n    <input class=\"button is-link\" type=\"submit\" name=\"enviar\" value=\"Whois\">\n    <\/form>\n  <\/div>\n<\/div>\n\n\n\n<div style=\"height:40px\" aria-hidden=\"true\" class=\"wp-block-spacer\"><\/div>\n\n\n\n\n","protected":false},"excerpt":{"rendered":"<p>O Whois \u00e9 uma ferramenta que permite identificar todas as informa\u00e7\u00f5es p\u00fablicas de um registro de dom\u00ednio na Internet. Para usar a ferramenta, basta informar o dom\u00ednio e clicar no bot\u00e3o de a\u00e7\u00e3o.&nbsp;<\/p>\n","protected":false},"author":9,"featured_media":0,"parent":0,"menu_order":0,"comment_status":"closed","ping_status":"closed","template":"","meta":{"footnotes":""},"aioseo_notices":[],"_links":{"self":[{"href":"https:\/\/king.host\/wiki\/wp-json\/wp\/v2\/pages\/14761"}],"collection":[{"href":"https:\/\/king.host\/wiki\/wp-json\/wp\/v2\/pages"}],"about":[{"href":"https:\/\/king.host\/wiki\/wp-json\/wp\/v2\/types\/page"}],"author":[{"embeddable":true,"href":"https:\/\/king.host\/wiki\/wp-json\/wp\/v2\/users\/9"}],"replies":[{"embeddable":true,"href":"https:\/\/king.host\/wiki\/wp-json\/wp\/v2\/comments?post=14761"}],"version-history":[{"count":134,"href":"https:\/\/king.host\/wiki\/wp-json\/wp\/v2\/pages\/14761\/revisions"}],"predecessor-version":[{"id":23324,"href":"https:\/\/king.host\/wiki\/wp-json\/wp\/v2\/pages\/14761\/revisions\/23324"}],"wp:attachment":[{"href":"https:\/\/king.host\/wiki\/wp-json\/wp\/v2\/media?parent=14761"}],"curies":[{"name":"wp","href":"https:\/\/api.w.org\/{rel}","templated":true}]}}