{"id":22330,"date":"2021-10-04T09:19:44","date_gmt":"2021-10-04T12:19:44","guid":{"rendered":"https:\/\/king.host\/wiki\/?page_id=22330"},"modified":"2021-10-04T09:29:19","modified_gmt":"2021-10-04T12:29:19","slug":"si-kinghost","status":"publish","type":"page","link":"https:\/\/king.host\/wiki\/si-kinghost\/","title":{"rendered":"Seguran\u00e7a da Informa\u00e7\u00e3o &#8211; Servi\u00e7os KingHost"},"content":{"rendered":"\n<p>A informa\u00e7\u00e3o \u00e9 um dos ativos mais importantes para a KingHost e nossos<br>clientes, proteg\u00ea-la em rela\u00e7\u00e3o \u00e0 integridade, confidencialidade e disponibilidade \u00e9<br>fator cr\u00edtico de sucesso para alcance dos objetivos estrat\u00e9gicos. Por isso, <a href=\"https:\/\/king.host\/wiki\/wp-content\/uploads\/2021\/10\/kinghost-si.pdf\" target=\"_blank\" rel=\"noreferrer noopener\"><strong>neste<br>documento<\/strong><\/a>, relacionamos as formas como n\u00f3s tratamos todos nossos servi\u00e7os e<br>solu\u00e7\u00f5es quanto a Seguran\u00e7a da Informa\u00e7\u00e3o.<\/p>\n\n\n\n<p><br>A KingHost estabelece diretrizes, controles e princ\u00edpios relacionados \u00e0<br>seguran\u00e7a da informa\u00e7\u00e3o, visando a redu\u00e7\u00e3o de riscos e a melhoria cont\u00ednua do Sistema<br>de Gest\u00e3o de Seguran\u00e7a da Informa\u00e7\u00e3o; Buscando assegurar os princ\u00edpios de Seguran\u00e7a<br>da Informa\u00e7\u00e3o (confidencialidade, integridade e a disponibilidade) e garantir a<br>conformidade \u00e0 legisla\u00e7\u00e3o vigente, normas e boas pr\u00e1ticas de mercado.<\/p>\n","protected":false},"excerpt":{"rendered":"<p>A informa\u00e7\u00e3o \u00e9 um dos ativos mais importantes para a KingHost e nossosclientes, proteg\u00ea-la em rela\u00e7\u00e3o \u00e0 integridade, confidencialidade e disponibilidade \u00e9fator cr\u00edtico de sucesso para alcance dos objetivos estrat\u00e9gicos. Por isso, nestedocumento, relacionamos as formas como n\u00f3s tratamos todos nossos servi\u00e7os esolu\u00e7\u00f5es quanto a Seguran\u00e7a da Informa\u00e7\u00e3o. A KingHost estabelece diretrizes, controles e princ\u00edpios [&hellip;]<\/p>\n","protected":false},"author":9,"featured_media":0,"parent":0,"menu_order":0,"comment_status":"closed","ping_status":"closed","template":"","meta":{"footnotes":""},"aioseo_notices":[],"_links":{"self":[{"href":"https:\/\/king.host\/wiki\/wp-json\/wp\/v2\/pages\/22330"}],"collection":[{"href":"https:\/\/king.host\/wiki\/wp-json\/wp\/v2\/pages"}],"about":[{"href":"https:\/\/king.host\/wiki\/wp-json\/wp\/v2\/types\/page"}],"author":[{"embeddable":true,"href":"https:\/\/king.host\/wiki\/wp-json\/wp\/v2\/users\/9"}],"replies":[{"embeddable":true,"href":"https:\/\/king.host\/wiki\/wp-json\/wp\/v2\/comments?post=22330"}],"version-history":[{"count":4,"href":"https:\/\/king.host\/wiki\/wp-json\/wp\/v2\/pages\/22330\/revisions"}],"predecessor-version":[{"id":22336,"href":"https:\/\/king.host\/wiki\/wp-json\/wp\/v2\/pages\/22330\/revisions\/22336"}],"wp:attachment":[{"href":"https:\/\/king.host\/wiki\/wp-json\/wp\/v2\/media?parent=22330"}],"curies":[{"name":"wp","href":"https:\/\/api.w.org\/{rel}","templated":true}]}}