{"id":23085,"date":"2022-08-10T14:35:42","date_gmt":"2022-08-10T17:35:42","guid":{"rendered":"https:\/\/king.host\/wiki\/?page_id=23085"},"modified":"2022-08-10T14:35:42","modified_gmt":"2022-08-10T17:35:42","slug":"nossa-nova-marca-e-o-que-muda-para-voce","status":"publish","type":"page","link":"https:\/\/king.host\/wiki\/nossa-nova-marca-e-o-que-muda-para-voce\/","title":{"rendered":"Nossa nova marca e o que muda para voc\u00ea"},"content":{"rendered":"\n<p>Conhe\u00e7a a nova marca kingHost. Mudamos a grafia, logotipo e tonalidade de cores nos aproximando cada vez mais da simplicidade. Veja mais detalhes.<\/p>\n\n\n\n<p>Neste artigo, apresentamos orgulhosamente a nova marca da <strong>kingHost<\/strong>. Mostraremos o que motivou a mudan\u00e7a para a nova marca e o que ela representa. Al\u00e9m disso, veremos tamb\u00e9m alguns exemplos de aplica\u00e7\u00e3o, ou seja, como fica o novo visual do site e dos boletos.<\/p>\n\n\n\n<figure class=\"wp-block-embed is-type-video is-provider-youtube wp-block-embed-youtube wp-embed-aspect-16-9 wp-has-aspect-ratio\"><div class=\"wp-block-embed__wrapper\">\n<iframe loading=\"lazy\" title=\"Nova Marca da KingHost | KingHost\" width=\"699\" height=\"393\" data-src=\"https:\/\/www.youtube.com\/embed\/fN9K9SX6V44?feature=oembed\" frameborder=\"0\" allow=\"accelerometer; autoplay; clipboard-write; encrypted-media; gyroscope; picture-in-picture\" allowfullscreen src=\"data:image\/gif;base64,R0lGODlhAQABAAAAACH5BAEKAAEALAAAAAABAAEAAAICTAEAOw==\" class=\"lazyload\" data-load-mode=\"1\"><\/iframe>\n<\/div><\/figure>\n\n\n\n<h2 class=\"wp-block-heading\"><span class=\"ez-toc-section\" id=\"Nova_marca_kingHost\"><\/span>Nova marca kingHost<span class=\"ez-toc-section-end\"><\/span><\/h2>\n\n\n\n<p>Agora a marca <strong>kingHost<\/strong> est\u00e1 com formas mais org\u00e2nicas e amig\u00e1veis. Al\u00e9m disso, a coroa tamb\u00e9m ficou mais simplificada:<\/p>\n\n\n<div class=\"wp-block-image\">\n<figure class=\"aligncenter size-full\"><img data-original=\"https:\/\/king.host\/wiki\/wp-content\/uploads\/2021\/09\/kinghost_logo1.png\" alt=\"\" class=\"wp-image-22294\"\/><\/figure><\/div>\n\n\n<p>E por falar nisso, <strong>simplicidade<\/strong> \u00e9 a palavra-chave, pois todas essas mudan\u00e7as est\u00e3o alinhadas com o nosso prop\u00f3sito:<br><strong>\u201c<em>Simplificar o uso da tecnologia para cultivar parcerias incr\u00edveis<\/em>\u201d<\/strong>.<\/p>\n\n\n\n<p>A ess\u00eancia de evolu\u00e7\u00e3o e o prop\u00f3sito de simplifica\u00e7\u00e3o ganham forma na nossa nova identidade, sintetizando como nos conectamos a mais de 240 mil neg\u00f3cios para criar, promover e crescer sua presen\u00e7a digital.<\/p>\n\n\n\n<h2 class=\"wp-block-heading\"><span class=\"ez-toc-section\" id=\"Exemplos_de_aplicacao_da_nova_marca\"><\/span>Exemplos de aplica\u00e7\u00e3o da nova marca<span class=\"ez-toc-section-end\"><\/span><\/h2>\n\n\n\n<p>Agora vejamos alguns exemplos de como essas mudan\u00e7as influenciam no visual dos nossos ambientes e servi\u00e7os.<\/p>\n\n\n\n<p>O visual do nosso site ficou mais <em>clean<\/em>. Al\u00e9m da mudan\u00e7a do logotipo, tamb\u00e9m estamos com uma nova paleta de cores:<\/p>\n\n\n\n<figure class=\"wp-block-image size-full\"><a class=\"\" href=\"https:\/\/king.host\/wiki\/wp-content\/uploads\/2021\/09\/site-kinghost03.png\" v-on:click=\"toggle_modal\"><img loading=\"lazy\" decoding=\"async\" width=\"2134\" height=\"1072\" data-src=\"https:\/\/king.host\/wiki\/wp-content\/uploads\/2021\/09\/site-kinghost03.png\" alt=\"\" class=\"wp-image-22290 lazyload\" data-srcset=\"https:\/\/king.host\/wiki\/wp-content\/uploads\/2021\/09\/site-kinghost03.png 2134w, https:\/\/king.host\/wiki\/wp-content\/uploads\/2021\/09\/site-kinghost03-300x151.png 300w, https:\/\/king.host\/wiki\/wp-content\/uploads\/2021\/09\/site-kinghost03-960x482.png 960w, https:\/\/king.host\/wiki\/wp-content\/uploads\/2021\/09\/site-kinghost03-768x386.png 768w, https:\/\/king.host\/wiki\/wp-content\/uploads\/2021\/09\/site-kinghost03-1536x772.png 1536w, https:\/\/king.host\/wiki\/wp-content\/uploads\/2021\/09\/site-kinghost03-2048x1029.png 2048w\" data-sizes=\"(max-width: 2134px) 100vw, 2134px\" src=\"data:image\/gif;base64,R0lGODlhAQABAAAAACH5BAEKAAEALAAAAAABAAEAAAICTAEAOw==\" style=\"--smush-placeholder-width: 2134px; --smush-placeholder-aspect-ratio: 2134\/1072;\" \/><noscript><img loading=\"lazy\" decoding=\"async\" width=\"2134\" height=\"1072\" src=\"https:\/\/king.host\/wiki\/wp-content\/uploads\/2021\/09\/site-kinghost03.png\" alt=\"\" class=\"wp-image-22290\" srcset=\"https:\/\/king.host\/wiki\/wp-content\/uploads\/2021\/09\/site-kinghost03.png 2134w, https:\/\/king.host\/wiki\/wp-content\/uploads\/2021\/09\/site-kinghost03-300x151.png 300w, https:\/\/king.host\/wiki\/wp-content\/uploads\/2021\/09\/site-kinghost03-960x482.png 960w, https:\/\/king.host\/wiki\/wp-content\/uploads\/2021\/09\/site-kinghost03-768x386.png 768w, https:\/\/king.host\/wiki\/wp-content\/uploads\/2021\/09\/site-kinghost03-1536x772.png 1536w, https:\/\/king.host\/wiki\/wp-content\/uploads\/2021\/09\/site-kinghost03-2048x1029.png 2048w\" sizes=\"(max-width: 2134px) 100vw, 2134px\" \/><\/noscript><\/a><\/figure>\n\n\n\n<p>J\u00e1 para voc\u00ea que faz pagamento por boleto banc\u00e1rio, este \u00e9 o novo visual dos boletos que voc\u00ea receber\u00e1:<\/p>\n\n\n\n<figure class=\"wp-block-image size-large\"><img loading=\"lazy\" decoding=\"async\" width=\"674\" height=\"1024\" data-src=\"https:\/\/king.host\/wiki\/wp-content\/uploads\/2021\/09\/kinghost_boleto.png\" alt=\"\" class=\"wp-image-22283 lazyload\" v-on:click=\"toggle_modal\" data-srcset=\"https:\/\/king.host\/wiki\/wp-content\/uploads\/2021\/09\/kinghost_boleto.png 674w, https:\/\/king.host\/wiki\/wp-content\/uploads\/2021\/09\/kinghost_boleto-197x300.png 197w\" data-sizes=\"(max-width: 674px) 100vw, 674px\" src=\"data:image\/gif;base64,R0lGODlhAQABAAAAACH5BAEKAAEALAAAAAABAAEAAAICTAEAOw==\" style=\"--smush-placeholder-width: 674px; --smush-placeholder-aspect-ratio: 674\/1024;\" \/><noscript><img loading=\"lazy\" decoding=\"async\" width=\"674\" height=\"1024\" src=\"https:\/\/king.host\/wiki\/wp-content\/uploads\/2021\/09\/kinghost_boleto.png\" alt=\"\" class=\"wp-image-22283\" v-on:click=\"toggle_modal\" srcset=\"https:\/\/king.host\/wiki\/wp-content\/uploads\/2021\/09\/kinghost_boleto.png 674w, https:\/\/king.host\/wiki\/wp-content\/uploads\/2021\/09\/kinghost_boleto-197x300.png 197w\" sizes=\"(max-width: 674px) 100vw, 674px\" \/><\/noscript><\/figure>\n\n\n\n<p>Em suma, empenhamos um grande esfor\u00e7o repensando esta nova marca, de modo que ficasse da forma mais simplificada poss\u00edvel.<br>Esperamos que voc\u00ea tamb\u00e9m tenha adorado essas mudan\u00e7as.<\/p>\n","protected":false},"excerpt":{"rendered":"<p>Conhe\u00e7a a nova marca kingHost. Mudamos a grafia, logotipo e tonalidade de cores nos aproximando cada vez mais da simplicidade. Veja mais detalhes. Neste artigo, apresentamos orgulhosamente a nova marca da kingHost. Mostraremos o que motivou a mudan\u00e7a para a nova marca e o que ela representa. Al\u00e9m disso, veremos tamb\u00e9m alguns exemplos de aplica\u00e7\u00e3o, [&hellip;]<\/p>\n","protected":false},"author":9,"featured_media":0,"parent":0,"menu_order":0,"comment_status":"closed","ping_status":"closed","template":"","meta":{"footnotes":""},"aioseo_notices":[],"_links":{"self":[{"href":"https:\/\/king.host\/wiki\/wp-json\/wp\/v2\/pages\/23085"}],"collection":[{"href":"https:\/\/king.host\/wiki\/wp-json\/wp\/v2\/pages"}],"about":[{"href":"https:\/\/king.host\/wiki\/wp-json\/wp\/v2\/types\/page"}],"author":[{"embeddable":true,"href":"https:\/\/king.host\/wiki\/wp-json\/wp\/v2\/users\/9"}],"replies":[{"embeddable":true,"href":"https:\/\/king.host\/wiki\/wp-json\/wp\/v2\/comments?post=23085"}],"version-history":[{"count":1,"href":"https:\/\/king.host\/wiki\/wp-json\/wp\/v2\/pages\/23085\/revisions"}],"predecessor-version":[{"id":23086,"href":"https:\/\/king.host\/wiki\/wp-json\/wp\/v2\/pages\/23085\/revisions\/23086"}],"wp:attachment":[{"href":"https:\/\/king.host\/wiki\/wp-json\/wp\/v2\/media?parent=23085"}],"curies":[{"name":"wp","href":"https:\/\/api.w.org\/{rel}","templated":true}]}}