{"id":5657,"date":"2018-02-26T17:13:17","date_gmt":"2018-02-26T20:13:17","guid":{"rendered":"https:\/\/www.kinghost.com.br\/wiki\/?page_id=5657"},"modified":"2019-03-12T11:49:32","modified_gmt":"2019-03-12T14:49:32","slug":"sugerir-conteudo","status":"publish","type":"page","link":"https:\/\/king.host\/wiki\/sugerir-conteudo\/","title":{"rendered":"Sugerir conte\u00fado"},"content":{"rendered":"<p><strong>Obrigado por seu apoio!<\/strong> \u00c9 \u00f3timo saber que voc\u00ea, assim como n\u00f3s, adora compartilhar conhecimento \ud83d\ude00<br \/>\nNos informe sua sugest\u00e3o de conte\u00fado:<br \/>\n&nbsp;<\/p>\n\n<div class=\"wpcf7 no-js\" id=\"wpcf7-f5658-o1\" lang=\"pt-BR\" dir=\"ltr\">\n<div class=\"screen-reader-response\"><p role=\"status\" aria-live=\"polite\" aria-atomic=\"true\"><\/p> <ul><\/ul><\/div>\n<form action=\"\/wiki\/wp-json\/wp\/v2\/pages\/5657#wpcf7-f5658-o1\" method=\"post\" class=\"wpcf7-form init\" aria-label=\"Formul\u00e1rios de contato\" novalidate=\"novalidate\" data-status=\"init\">\n<div style=\"display: none;\">\n<input type=\"hidden\" name=\"_wpcf7\" value=\"5658\" \/>\n<input type=\"hidden\" name=\"_wpcf7_version\" value=\"5.9.3\" \/>\n<input type=\"hidden\" name=\"_wpcf7_locale\" value=\"pt_BR\" \/>\n<input type=\"hidden\" name=\"_wpcf7_unit_tag\" value=\"wpcf7-f5658-o1\" \/>\n<input type=\"hidden\" name=\"_wpcf7_container_post\" value=\"0\" \/>\n<input type=\"hidden\" name=\"_wpcf7_posted_data_hash\" value=\"\" \/>\n<input type=\"hidden\" name=\"_wpcf7_recaptcha_response\" value=\"\" \/>\n<\/div>\n<div class=\"field\">\n\t<p><label class=\"label\">Seu email<\/label>\n\t<\/p>\n\t<div class=\"control\">\n\t\t<p><span class=\"wpcf7-form-control-wrap\" data-name=\"email\"><input size=\"40\" class=\"wpcf7-form-control wpcf7-email wpcf7-validates-as-required wpcf7-text wpcf7-validates-as-email input\" aria-required=\"true\" aria-invalid=\"false\" placeholder=\"exemplo@seusite.com.br\" value=\"\" type=\"email\" name=\"email\" \/><\/span>\n\t\t<\/p>\n\t<\/div>\n<\/div>\n<div class=\"field\">\n\t<p><label class=\"label\">Sua sugest\u00e3o de conte\u00fado<\/label>\n\t<\/p>\n\t<div class=\"control\">\n\t\t<p><span class=\"wpcf7-form-control-wrap\" data-name=\"conteudo\"><textarea cols=\"40\" rows=\"3\" class=\"wpcf7-form-control wpcf7-textarea wpcf7-validates-as-required textarea\" aria-required=\"true\" aria-invalid=\"false\" placeholder=\"Descreva o que seria legal termos como conte\u00fado na Central de Ajuda\" name=\"conteudo\"><\/textarea><\/span>\n\t\t<\/p>\n\t<\/div>\n<\/div>\n<p><input class=\"wpcf7-form-control wpcf7-submit has-spinner button is-link\" type=\"submit\" value=\"Enviar sugest\u00e3o de conte\u00fado\" \/>\n<\/p><div class=\"wpcf7-response-output\" aria-hidden=\"true\"><\/div>\n<\/form>\n<\/div>\n\n","protected":false},"excerpt":{"rendered":"<p>Obrigado por seu apoio! \u00c9 \u00f3timo saber que voc\u00ea, assim como n\u00f3s, adora compartilhar conhecimento \ud83d\ude00 Nos informe sua sugest\u00e3o de conte\u00fado: &nbsp;<\/p>\n","protected":false},"author":9,"featured_media":0,"parent":0,"menu_order":0,"comment_status":"closed","ping_status":"closed","template":"","meta":{"footnotes":""},"aioseo_notices":[],"_links":{"self":[{"href":"https:\/\/king.host\/wiki\/wp-json\/wp\/v2\/pages\/5657"}],"collection":[{"href":"https:\/\/king.host\/wiki\/wp-json\/wp\/v2\/pages"}],"about":[{"href":"https:\/\/king.host\/wiki\/wp-json\/wp\/v2\/types\/page"}],"author":[{"embeddable":true,"href":"https:\/\/king.host\/wiki\/wp-json\/wp\/v2\/users\/9"}],"replies":[{"embeddable":true,"href":"https:\/\/king.host\/wiki\/wp-json\/wp\/v2\/comments?post=5657"}],"version-history":[{"count":8,"href":"https:\/\/king.host\/wiki\/wp-json\/wp\/v2\/pages\/5657\/revisions"}],"predecessor-version":[{"id":18493,"href":"https:\/\/king.host\/wiki\/wp-json\/wp\/v2\/pages\/5657\/revisions\/18493"}],"wp:attachment":[{"href":"https:\/\/king.host\/wiki\/wp-json\/wp\/v2\/media?parent=5657"}],"curies":[{"name":"wp","href":"https:\/\/api.w.org\/{rel}","templated":true}]}}