{"id":5798,"date":"2025-06-10T10:30:19","date_gmt":"2025-06-10T13:30:19","guid":{"rendered":"https:\/\/www.kinghost.com.br\/wiki\/?page_id=5798"},"modified":"2025-06-10T10:30:20","modified_gmt":"2025-06-10T13:30:20","slug":"configurar-conta-de-email","status":"publish","type":"page","link":"https:\/\/king.host\/wiki\/configurar-conta-de-email\/","title":{"rendered":"Configurar conta de email"},"content":{"rendered":"\n<p>N\u00f3s reunimos nesta p\u00e1gina todos os tutoriais de configura\u00e7\u00e3o de e-mails que possu\u00edmos para ajudar voc\u00ea a configurar sua caixa postal em seu aplicativo gerenciador de e-mails de sua prefer\u00eancia.<\/p>\n\n\n\n<div class=\"wp-block-cover alignfull is-light has-custom-content-position is-position-top-left\" style=\"min-height:200px;aspect-ratio:unset;\"><span aria-hidden=\"true\" class=\"wp-block-cover__background has-background-dim\" style=\"background-color:#ffffff\"><\/span><div class=\"wp-block-cover__inner-container is-layout-flow wp-block-cover-is-layout-flow\">\n<div class=\"wp-block-media-text alignwide is-stacked-on-mobile is-vertically-aligned-top is-image-fill\" style=\"grid-template-columns:56% auto\"><figure class=\"wp-block-media-text__media lazyload\" style=\"background-image:inherit;background-position:50% 50%\" data-bg-image=\"url(https:\/\/king.host\/wiki\/wp-content\/uploads\/2019\/03\/apps-desktop-960x543.png)\"><img data-original=\"https:\/\/king.host\/wiki\/wp-content\/uploads\/2019\/03\/apps-desktop-960x543.png\" alt=\"\" class=\"wp-image-18507 size-full\"\/><\/figure><div class=\"wp-block-media-text__content\">\n<h2 class=\"wp-block-heading has-text-color\" style=\"color:#000000;font-size:32px\"><span class=\"ez-toc-section\" id=\"Aplicativos_desktop\"><\/span><strong>Aplicativos desktop<\/strong><span class=\"ez-toc-section-end\"><\/span><\/h2>\n\n\n\n<p class=\"has-text-color\" style=\"color:#000000;font-size:17px\">Configure sua conta de e-mail em&nbsp;<strong>programas instalados em seu computador<\/strong>, seja ele Windows, Mac ou Linux. Nesta categoria voc\u00ea encontra o popular&nbsp;Outlook, aplicativos para MacOS e boas solu\u00e7\u00f5es gratuitas como o Thunderbird.<\/p>\n\n\n\n<p><a href=\"https:\/\/king.host\/wiki\/artigo\/como-criar-uma-conta-de-email\/\" target=\"_blank\" rel=\"noopener\">Criar conta de e-mail<\/a><\/p>\n\n\n\n<div class=\"wp-block-buttons is-layout-flex wp-block-buttons-is-layout-flex\"><\/div>\n<\/div><\/div>\n\n\n\n<div class=\"wp-block-columns alignfull has-text-color has-background is-layout-flex wp-container-core-columns-is-layout-1 wp-block-columns-is-layout-flex\" style=\"color:#000000;background-color:#ffffff\">\n<div class=\"wp-block-column is-layout-flow wp-block-column-is-layout-flow\">\n<h3 class=\"wp-block-heading\" style=\"font-size:24px;line-height:1.3\"><span class=\"ez-toc-section\" id=\"Mac_Linux_e_Windows\"><\/span><strong>Mac, Linux e Windows<\/strong><span class=\"ez-toc-section-end\"><\/span><\/h3>\n\n\n\n<p><a href=\"https:\/\/king.host\/wiki\/artigo\/conta-de-email-no-mac-os\/\" title=\"Apple Mail\">Apple <\/a><a href=\"https:\/\/king.host\/wiki\/artigo\/conta-de-email-no-mac-os\/\" target=\"_blank\" rel=\"noopener\" title=\"Apple Mail\">Mail<\/a><br><a href=\"https:\/\/king.host\/wiki\/artigo\/email-do-windows-10\/\" target=\"_blank\" rel=\"noopener\">Email<\/a><a href=\"https:\/\/king.host\/wiki\/artigo\/email-do-windows-10\/\"> do Windows 10<\/a><br><a href=\"https:\/\/king.host\/wiki\/artigo\/email-do-windows-8\/\" target=\"_blank\" rel=\"noopener\">Email<\/a><a href=\"https:\/\/king.host\/wiki\/artigo\/email-do-windows-8\/\"> do Windows 8<\/a><br><a href=\"https:\/\/king.host\/wiki\/artigo\/conta-de-email-no-thunderbird\/\" target=\"_blank\" rel=\"noopener\">Thunderbird<\/a><br><a href=\"https:\/\/king.host\/wiki\/artigo\/configurar-email-no-evolution\/\" target=\"_blank\" rel=\"noopener\">Evolution<\/a><br><a href=\"https:\/\/king.host\/wiki\/artigo\/configurar-windows-live-mail\/\" target=\"_blank\" rel=\"noopener\" title=\"Live Mail\">Live Mail<\/a><\/p>\n<\/div>\n\n\n\n<div class=\"wp-block-column is-layout-flow wp-block-column-is-layout-flow\">\n<h3 class=\"wp-block-heading\" style=\"font-size:24px;line-height:1.3\"><span class=\"ez-toc-section\" id=\"Microsoft_Outlook\"><\/span>Microsoft <strong>Outlook<\/strong><span class=\"ez-toc-section-end\"><\/span><\/h3>\n\n\n\n<p><a href=\"https:\/\/king.host\/wiki\/artigo\/configurar-email-outlook-365\/\" target=\"_blank\" rel=\"noopener\" title=\"\">Outlook 365<\/a><br><a href=\"https:\/\/king.host\/wiki\/artigo\/como-configurar-sua-conta-de-email-no-outlook-2016\/\" target=\"_blank\" rel=\"noopener\" title=\"Outlook 2016\">Outlook<\/a><a href=\"https:\/\/king.host\/wiki\/artigo\/como-configurar-sua-conta-de-email-no-outlook-2016\/\" title=\"Outlook 2016\"> 2016<\/a><br><a href=\"https:\/\/king.host\/wiki\/artigo\/email-outlook-2013\/\" target=\"_blank\" rel=\"noopener\" title=\"Outlook 2013\">Outlook 2013<\/a><br><a href=\"https:\/\/king.host\/wiki\/artigo\/conta-de-email-no-outlook-2011\/\" target=\"_blank\" rel=\"noopener\" title=\"Outlook 2011\">Outlook 2011<\/a><br><a href=\"https:\/\/king.host\/wiki\/artigo\/conta-de-email-no-outlook-2010\/\" target=\"_blank\" rel=\"noopener\">Outlook 2010<\/a><br><a href=\"https:\/\/king.host\/wiki\/artigo\/conta-de-email-no-outlook-2007\/\" target=\"_blank\" rel=\"noopener\">Outlook 2007<\/a><br><a href=\"https:\/\/king.host\/wiki\/artigo\/como-configurar-sua-conta-de-e-mail-no-outlook-new\/\" target=\"_blank\" rel=\"noopener\" title=\"\">Outlook New<\/a><br><\/p>\n<\/div>\n\n\n\n<div class=\"wp-block-column is-layout-flow wp-block-column-is-layout-flow\">\n<h3 class=\"wp-block-heading\" style=\"font-size:24px;line-height:1.3\"><span class=\"ez-toc-section\" id=\"Conteudos_de_apoio\"><\/span><strong>Conte\u00fados de apoio<\/strong><span class=\"ez-toc-section-end\"><\/span><\/h3>\n\n\n\n<p><a href=\"https:\/\/king.host\/wiki\/artigo\/como-ativar-o-smtp-internacional\/\" target=\"_blank\" rel=\"noopener\" title=\"Est\u00e1 fora do Brasil? Ative o SMPTi para enviar mensagens\">Est\u00e1 fora do Brasil? Ative o SMPTi para enviar mensagens<\/a>.<\/p>\n\n\n\n<p><a href=\"https:\/\/king.host\/wiki\/artigo\/diferencas-entre-pop-e-imap\/\" target=\"_blank\" rel=\"noopener\" title=\"Entenda as diferen\u00e7as entre POP e IMAP\">Entenda as diferen\u00e7as entre POP e IMAP<\/a>.<\/p>\n<\/div>\n<\/div>\n<\/div><\/div>\n\n\n\n<div class=\"wp-block-cover alignfull is-light has-custom-content-position is-position-top-left\" style=\"min-height:200px;aspect-ratio:unset;\"><span aria-hidden=\"true\" class=\"wp-block-cover__background has-background-dim-100 has-background-dim\" style=\"background-color:#ffffff\"><\/span><div class=\"wp-block-cover__inner-container is-layout-flow wp-block-cover-is-layout-flow\">\n<div class=\"wp-block-media-text alignwide is-stacked-on-mobile is-image-fill\"><figure class=\"wp-block-media-text__media lazyload\" style=\"background-image:inherit;background-position:50% 50%\" data-bg-image=\"url(https:\/\/king.host\/wiki\/wp-content\/uploads\/2019\/03\/apps-mobile-960x600.png)\"><img loading=\"lazy\" decoding=\"async\" width=\"960\" height=\"600\" data-src=\"https:\/\/king.host\/wiki\/wp-content\/uploads\/2019\/03\/apps-mobile-960x600.png\" alt=\"\" class=\"wp-image-18533 size-full lazyload\" data-srcset=\"https:\/\/king.host\/wiki\/wp-content\/uploads\/2019\/03\/apps-mobile-960x600.png 960w, https:\/\/king.host\/wiki\/wp-content\/uploads\/2019\/03\/apps-mobile-300x187.png 300w, https:\/\/king.host\/wiki\/wp-content\/uploads\/2019\/03\/apps-mobile-768x480.png 768w, https:\/\/king.host\/wiki\/wp-content\/uploads\/2019\/03\/apps-mobile.png 1956w\" data-sizes=\"(max-width: 960px) 100vw, 960px\" src=\"data:image\/gif;base64,R0lGODlhAQABAAAAACH5BAEKAAEALAAAAAABAAEAAAICTAEAOw==\" style=\"--smush-placeholder-width: 960px; --smush-placeholder-aspect-ratio: 960\/600;\" \/><noscript><img loading=\"lazy\" decoding=\"async\" width=\"960\" height=\"600\" src=\"https:\/\/king.host\/wiki\/wp-content\/uploads\/2019\/03\/apps-mobile-960x600.png\" alt=\"\" class=\"wp-image-18533 size-full\" srcset=\"https:\/\/king.host\/wiki\/wp-content\/uploads\/2019\/03\/apps-mobile-960x600.png 960w, https:\/\/king.host\/wiki\/wp-content\/uploads\/2019\/03\/apps-mobile-300x187.png 300w, https:\/\/king.host\/wiki\/wp-content\/uploads\/2019\/03\/apps-mobile-768x480.png 768w, https:\/\/king.host\/wiki\/wp-content\/uploads\/2019\/03\/apps-mobile.png 1956w\" sizes=\"(max-width: 960px) 100vw, 960px\" \/><\/noscript><\/figure><div class=\"wp-block-media-text__content\">\n<h2 class=\"wp-block-heading has-text-color\" style=\"color:#000000;font-size:32px\"><span class=\"ez-toc-section\" id=\"Smartphones_e_webmails\"><\/span><strong>Smartphones e webmails<\/strong><span class=\"ez-toc-section-end\"><\/span><\/h2>\n\n\n\n<p class=\"has-text-color\" style=\"color:#000000;font-size:17px\">Se voc\u00ea prefere ter a sua&nbsp;<strong>conta configurada em seu celular<\/strong>, basta primeiro instalar o aplicativo e depois realizar a configura\u00e7\u00e3o da caixa postal. Nesta categoria se destaca o aplicativo padr\u00e3o de e-mail do iPhone, mas voc\u00ea tamb\u00e9m encontra outros aplicativos.<\/p>\n\n\n\n<p><a href=\"https:\/\/king.host\/wiki\/artigo\/webmail-kinghost\/\" target=\"_blank\" rel=\"noopener\">Acessar webmail<\/a><\/p>\n\n\n\n<div class=\"wp-block-buttons is-layout-flex wp-block-buttons-is-layout-flex\"><\/div>\n<\/div><\/div>\n\n\n\n<div class=\"wp-block-columns alignfull has-text-color has-background is-layout-flex wp-container-core-columns-is-layout-2 wp-block-columns-is-layout-flex\" style=\"color:#000000;background-color:#ffffff\">\n<div class=\"wp-block-column is-layout-flow wp-block-column-is-layout-flow\">\n<h3 class=\"wp-block-heading\" style=\"font-size:24px;line-height:1.3\"><span class=\"ez-toc-section\" id=\"Apple_iOS\"><\/span><strong>Apple iOS<\/strong><span class=\"ez-toc-section-end\"><\/span><\/h3>\n\n\n\n<p><a href=\"https:\/\/king.host\/wiki\/artigo\/email-no-iphone-ios-10\/\" target=\"_blank\" rel=\"noopener\">iPhone iOS<\/a><br><a href=\"https:\/\/king.host\/wiki\/artigo\/aplicativo-outlook-configurar-email\/\" target=\"_blank\" rel=\"noopener\">Outlook<\/a><br><a href=\"https:\/\/king.host\/wiki\/artigo\/configurar-email-no-mymail-iphone\/\" target=\"_blank\" rel=\"noopener\">MyMail<\/a><\/p>\n<\/div>\n\n\n\n<div class=\"wp-block-column is-layout-flow wp-block-column-is-layout-flow\">\n<h3 class=\"wp-block-heading\" style=\"font-size:24px;line-height:1.3\"><span class=\"ez-toc-section\" id=\"Android\"><\/span>Android<span class=\"ez-toc-section-end\"><\/span><\/h3>\n\n\n\n<p><a href=\"https:\/\/king.host\/wiki\/artigo\/email-no-android\/\" target=\"_blank\" rel=\"noopener\" title=\"Outlook 2016\">Android<\/a><br><a href=\"https:\/\/king.host\/wiki\/artigo\/aplicativo-outlook-configurar-email\/\" target=\"_blank\" rel=\"noopener\">Outlook<\/a><br><a href=\"https:\/\/king.host\/wiki\/artigo\/configurar-e-mail-no-samsung-email\/\" target=\"_blank\" rel=\"noopener\">App Email Samsung<\/a><\/p>\n<\/div>\n\n\n\n<div class=\"wp-block-column is-layout-flow wp-block-column-is-layout-flow\">\n<h3 class=\"wp-block-heading\" style=\"font-size:24px;line-height:1.3\"><span class=\"ez-toc-section\" id=\"Navegador\"><\/span><strong>Navegador<\/strong><span class=\"ez-toc-section-end\"><\/span><\/h3>\n\n\n\n<p><a href=\"https:\/\/king.host\/wiki\/artigo\/conta-de-email-no-gmail\/\" target=\"_blank\" rel=\"noopener\">Gmail<\/a><br><\/p>\n<\/div>\n<\/div>\n<\/div><\/div>\n","protected":false},"excerpt":{"rendered":"<p>N\u00f3s reunimos nesta p\u00e1gina todos os tutoriais de configura\u00e7\u00e3o de e-mails que possu\u00edmos para ajudar voc\u00ea a configurar sua caixa postal em seu aplicativo gerenciador de e-mails de sua prefer\u00eancia.<\/p>\n","protected":false},"author":9,"featured_media":0,"parent":0,"menu_order":0,"comment_status":"closed","ping_status":"closed","template":"","meta":{"footnotes":""},"aioseo_notices":[],"_links":{"self":[{"href":"https:\/\/king.host\/wiki\/wp-json\/wp\/v2\/pages\/5798"}],"collection":[{"href":"https:\/\/king.host\/wiki\/wp-json\/wp\/v2\/pages"}],"about":[{"href":"https:\/\/king.host\/wiki\/wp-json\/wp\/v2\/types\/page"}],"author":[{"embeddable":true,"href":"https:\/\/king.host\/wiki\/wp-json\/wp\/v2\/users\/9"}],"replies":[{"embeddable":true,"href":"https:\/\/king.host\/wiki\/wp-json\/wp\/v2\/comments?post=5798"}],"version-history":[{"count":172,"href":"https:\/\/king.host\/wiki\/wp-json\/wp\/v2\/pages\/5798\/revisions"}],"predecessor-version":[{"id":26635,"href":"https:\/\/king.host\/wiki\/wp-json\/wp\/v2\/pages\/5798\/revisions\/26635"}],"wp:attachment":[{"href":"https:\/\/king.host\/wiki\/wp-json\/wp\/v2\/media?parent=5798"}],"curies":[{"name":"wp","href":"https:\/\/api.w.org\/{rel}","templated":true}]}}